{"id":135,"date":"2023-01-26T15:28:16","date_gmt":"2023-01-26T15:28:16","guid":{"rendered":"https:\/\/gracious-dubinsky.94-46-180-22.plesk.page\/?page_id=135"},"modified":"2023-02-01T15:51:05","modified_gmt":"2023-02-01T15:51:05","slug":"quem-somos","status":"publish","type":"page","link":"https:\/\/gracious-dubinsky.94-46-180-22.plesk.page\/index.php\/quem-somos\/","title":{"rendered":"Quem somos"},"content":{"rendered":"\n<figure class=\"wp-block-image aligncenter size-medium has-custom-border\"><img loading=\"lazy\" decoding=\"async\" width=\"280\" height=\"152\" src=\"https:\/\/gracious-dubinsky.94-46-180-22.plesk.page\/wp-content\/uploads\/2023\/02\/Logo-RCVOffice-vector-Convertido-280x152.png\" alt=\"\" class=\"has-border-color has-background-border-color wp-image-179\" style=\"border-width:28px\" srcset=\"https:\/\/gracious-dubinsky.94-46-180-22.plesk.page\/wp-content\/uploads\/2023\/02\/Logo-RCVOffice-vector-Convertido-280x152.png 280w, https:\/\/gracious-dubinsky.94-46-180-22.plesk.page\/wp-content\/uploads\/2023\/02\/Logo-RCVOffice-vector-Convertido.png 567w\" sizes=\"auto, (max-width: 280px) 100vw, 280px\" \/><figcaption class=\"wp-element-caption\">RcvOffice &#8211; Solu\u00e7\u00f5es Globais, Lda<\/figcaption><\/figure>\n\n\n\n<p class=\"has-text-align-center\">A RcvOffice &#8211; Solu\u00e7\u00f5es Globais, Lda \u00e9 uma empresa formada em 2002. Desde ent\u00e3o que se dedica \u00e0s solu\u00e7\u00f5es de impress\u00e3o e ao mercado da impress\u00e3o e digitaliza\u00e7\u00e3o.<\/p>\n\n\n\n<h2 class=\"has-primary-color has-text-color wp-block-heading\">Vis\u00e3o<\/h2>\n\n\n\n<p>A nossa vis\u00e3o para o futuro \u00e9 a de nos tornarmos na maior refer\u00eancia portuguesa na \u00e1rea do Digital Workplace Solutions (Solu\u00e7\u00f5es para Ambientes de Trabalho Digitais). Para n\u00f3s, este posicionamento significa a integra\u00e7\u00e3o de v\u00e1rias tecnologias em prol de um mesmo prop\u00f3sito : a cria\u00e7\u00e3o de um ambiente de trabalho mais produtivo, inovador, preparado para as necessidades empresariais do futuro.<\/p>\n\n\n\n<h2 class=\"has-primary-color has-text-color wp-block-heading\">Miss\u00e3o<\/h2>\n\n\n\n<p>Com isto em mente, a nossa miss\u00e3o \u00e9 assegurar que proporcionamos aos nossos clientes solu\u00e7\u00f5es que contribuam para o seu crescente sucesso e produtividade, em total sintonia com a evolu\u00e7\u00e3o tecnol\u00f3gica do mercado, assegurando SEMPRE um servi\u00e7o de excel\u00eancia.<\/p>\n\n\n\n<h2 class=\"has-primary-color has-text-color wp-block-heading\">Valores<\/h2>\n\n\n\n<p>Inova\u00e7\u00e3o \u00e9 a nossa palavra de ordem e estamos conscientes de que tudo muda. Contudo, h\u00e1 tr\u00eas valores centrais que para n\u00f3s s\u00e3o imut\u00e1veis:<\/p>\n\n\n\n<ol class=\"wp-block-list\">\n<li>A nossa palavra tem valor contratual;<\/li>\n\n\n\n<li>Prezamos a verdade e o respeito como uma lei inabal\u00e1vel;<\/li>\n\n\n\n<li>N\u00e3o queremos os clientes para o momento, mas sim uma parceria para a vida.<\/li>\n<\/ol>\n\n\n\n<figure class=\"wp-block-gallery has-nested-images columns-default is-cropped wp-block-gallery-1 is-layout-flex wp-block-gallery-is-layout-flex\">\n<figure class=\"wp-block-image size-large\"><img loading=\"lazy\" decoding=\"async\" width=\"1024\" height=\"768\" data-id=\"182\" src=\"https:\/\/gracious-dubinsky.94-46-180-22.plesk.page\/wp-content\/uploads\/2023\/02\/20151211_091126-1024x768.jpg\" alt=\"\" class=\"wp-image-182\" srcset=\"https:\/\/gracious-dubinsky.94-46-180-22.plesk.page\/wp-content\/uploads\/2023\/02\/20151211_091126-1024x768.jpg 1024w, https:\/\/gracious-dubinsky.94-46-180-22.plesk.page\/wp-content\/uploads\/2023\/02\/20151211_091126-280x210.jpg 280w, https:\/\/gracious-dubinsky.94-46-180-22.plesk.page\/wp-content\/uploads\/2023\/02\/20151211_091126-768x576.jpg 768w, https:\/\/gracious-dubinsky.94-46-180-22.plesk.page\/wp-content\/uploads\/2023\/02\/20151211_091126.jpg 1280w\" sizes=\"auto, (max-width: 1024px) 100vw, 1024px\" \/><\/figure>\n\n\n\n<figure class=\"wp-block-image size-large\"><img loading=\"lazy\" decoding=\"async\" width=\"1024\" height=\"576\" data-id=\"185\" src=\"https:\/\/gracious-dubinsky.94-46-180-22.plesk.page\/wp-content\/uploads\/2023\/02\/21731437_964656150341243_1379961467877205249_o-1024x576.jpg\" alt=\"\" class=\"wp-image-185\" srcset=\"https:\/\/gracious-dubinsky.94-46-180-22.plesk.page\/wp-content\/uploads\/2023\/02\/21731437_964656150341243_1379961467877205249_o-1024x576.jpg 1024w, https:\/\/gracious-dubinsky.94-46-180-22.plesk.page\/wp-content\/uploads\/2023\/02\/21731437_964656150341243_1379961467877205249_o-280x158.jpg 280w, https:\/\/gracious-dubinsky.94-46-180-22.plesk.page\/wp-content\/uploads\/2023\/02\/21731437_964656150341243_1379961467877205249_o-768x432.jpg 768w, https:\/\/gracious-dubinsky.94-46-180-22.plesk.page\/wp-content\/uploads\/2023\/02\/21731437_964656150341243_1379961467877205249_o-1536x864.jpg 1536w, https:\/\/gracious-dubinsky.94-46-180-22.plesk.page\/wp-content\/uploads\/2023\/02\/21731437_964656150341243_1379961467877205249_o.jpg 2048w\" sizes=\"auto, (max-width: 1024px) 100vw, 1024px\" \/><\/figure>\n\n\n\n<figure class=\"wp-block-image size-large\"><img loading=\"lazy\" decoding=\"async\" width=\"1024\" height=\"576\" data-id=\"186\" src=\"https:\/\/gracious-dubinsky.94-46-180-22.plesk.page\/wp-content\/uploads\/2023\/02\/21731450_964656143674577_2666920085094738455_o-1024x576.jpg\" alt=\"\" class=\"wp-image-186\" srcset=\"https:\/\/gracious-dubinsky.94-46-180-22.plesk.page\/wp-content\/uploads\/2023\/02\/21731450_964656143674577_2666920085094738455_o-1024x576.jpg 1024w, https:\/\/gracious-dubinsky.94-46-180-22.plesk.page\/wp-content\/uploads\/2023\/02\/21731450_964656143674577_2666920085094738455_o-280x158.jpg 280w, https:\/\/gracious-dubinsky.94-46-180-22.plesk.page\/wp-content\/uploads\/2023\/02\/21731450_964656143674577_2666920085094738455_o-768x432.jpg 768w, https:\/\/gracious-dubinsky.94-46-180-22.plesk.page\/wp-content\/uploads\/2023\/02\/21731450_964656143674577_2666920085094738455_o-1536x864.jpg 1536w, https:\/\/gracious-dubinsky.94-46-180-22.plesk.page\/wp-content\/uploads\/2023\/02\/21731450_964656143674577_2666920085094738455_o.jpg 2048w\" sizes=\"auto, (max-width: 1024px) 100vw, 1024px\" \/><\/figure>\n\n\n\n<figure class=\"wp-block-image size-large\"><img loading=\"lazy\" decoding=\"async\" width=\"1024\" height=\"683\" data-id=\"184\" src=\"https:\/\/gracious-dubinsky.94-46-180-22.plesk.page\/wp-content\/uploads\/2023\/02\/IMG_7345-1024x683.jpg\" alt=\"\" class=\"wp-image-184\" srcset=\"https:\/\/gracious-dubinsky.94-46-180-22.plesk.page\/wp-content\/uploads\/2023\/02\/IMG_7345-1024x683.jpg 1024w, https:\/\/gracious-dubinsky.94-46-180-22.plesk.page\/wp-content\/uploads\/2023\/02\/IMG_7345-280x187.jpg 280w, https:\/\/gracious-dubinsky.94-46-180-22.plesk.page\/wp-content\/uploads\/2023\/02\/IMG_7345-768x512.jpg 768w, https:\/\/gracious-dubinsky.94-46-180-22.plesk.page\/wp-content\/uploads\/2023\/02\/IMG_7345-1536x1024.jpg 1536w, https:\/\/gracious-dubinsky.94-46-180-22.plesk.page\/wp-content\/uploads\/2023\/02\/IMG_7345-2048x1365.jpg 2048w\" sizes=\"auto, (max-width: 1024px) 100vw, 1024px\" \/><\/figure>\n<\/figure>\n\n\n\n<p><\/p>\n","protected":false},"excerpt":{"rendered":"<p>A RcvOffice &#8211; Solu\u00e7\u00f5es Globais, Lda \u00e9 uma empresa formada em 2002. Desde ent\u00e3o que [&hellip;]<\/p>\n","protected":false},"author":1,"featured_media":0,"parent":0,"menu_order":1,"comment_status":"closed","ping_status":"closed","template":"","meta":{"footnotes":""},"class_list":["post-135","page","type-page","status-publish","hentry"],"_links":{"self":[{"href":"https:\/\/gracious-dubinsky.94-46-180-22.plesk.page\/index.php\/wp-json\/wp\/v2\/pages\/135","targetHints":{"allow":["GET"]}}],"collection":[{"href":"https:\/\/gracious-dubinsky.94-46-180-22.plesk.page\/index.php\/wp-json\/wp\/v2\/pages"}],"about":[{"href":"https:\/\/gracious-dubinsky.94-46-180-22.plesk.page\/index.php\/wp-json\/wp\/v2\/types\/page"}],"author":[{"embeddable":true,"href":"https:\/\/gracious-dubinsky.94-46-180-22.plesk.page\/index.php\/wp-json\/wp\/v2\/users\/1"}],"replies":[{"embeddable":true,"href":"https:\/\/gracious-dubinsky.94-46-180-22.plesk.page\/index.php\/wp-json\/wp\/v2\/comments?post=135"}],"version-history":[{"count":4,"href":"https:\/\/gracious-dubinsky.94-46-180-22.plesk.page\/index.php\/wp-json\/wp\/v2\/pages\/135\/revisions"}],"predecessor-version":[{"id":187,"href":"https:\/\/gracious-dubinsky.94-46-180-22.plesk.page\/index.php\/wp-json\/wp\/v2\/pages\/135\/revisions\/187"}],"wp:attachment":[{"href":"https:\/\/gracious-dubinsky.94-46-180-22.plesk.page\/index.php\/wp-json\/wp\/v2\/media?parent=135"}],"curies":[{"name":"wp","href":"https:\/\/api.w.org\/{rel}","templated":true}]}}